{"id":21,"date":"2016-03-11T12:44:28","date_gmt":"2016-03-11T11:44:28","guid":{"rendered":"https:\/\/shop.homeandboatitaly.com\/it\/?page_id=21"},"modified":"2016-04-04T13:57:20","modified_gmt":"2016-04-04T11:57:20","slug":"negozio-online","status":"publish","type":"page","link":"https:\/\/shop.homeandboatitaly.com\/it\/","title":{"rendered":"Home"},"content":{"rendered":"<p>Ho selezionato per voi alcuni prodotti che mi sono piaciuti e che vorrei consigliarvi.<\/p>\n<h2>T-Shirts e SPA<\/h2>\n<p>Ho scelto la <strong>Turchia<\/strong> perch\u00e9 \u00e8 tra i maggiori produttori mondiali di cotone e soprattutto perch\u00e9 ho avuto la possibilit\u00e0, avendo vissuto in Turchia per qualche anno, di conoscere prodotti e qualit\u00e0 di alto livello.<\/p>\n<p>Il mio fornitore mi garantisce una lavorazione attenta e accurata, che usa solo fibre naturali trattate con sistemi a basso impatto ambientale, provenienti dalla provincia di <strong>Izmir<\/strong>.<\/p>\n<p>Per mostrarvi la loro praticit\u00e0 e bellezza, ho coinvolto la mia famiglia, che si \u00e8 prestata per un giorno a presentarvi la linea di <a href=\"https:\/\/shop.homeandboatitaly.com\/it\/categoria-prodotto\/t-shirts-it\/\">T-Shirts<\/a> e <a href=\"https:\/\/shop.homeandboatitaly.com\/it\/categoria-prodotto\/felpe\/\">Felpe<\/a> che potrete acquistare online su questo sito.<\/p>\n<p>Abbiamo realizzato anche un <a href=\"https:\/\/shop.homeandboatitaly.com\/it\/categoria-prodotto\/spa-it\/\">set completo di asciugamani e accappatoi<\/a> ispirati alla tradizione dell\u2019Hammam turco. Sono prodotti pratici e funzionali, in cotone naturale e che si prestano a molteplici utilizzi: potete portarli tranquillamente in spiaggia o in palestra, senza appesantire la vostra borsa. Asciugano e si asciugano velocemente.<\/p>\n<p>&nbsp;<\/p>\n<p><a class=\"btn\" href=\"\/shop\">Vai allo shop online<\/a><\/p>\n","protected":false},"excerpt":{"rendered":"<p>Ho selezionato per voi alcuni prodotti che mi sono piaciuti e che vorrei consigliarvi. T-Shirts e SPA Ho scelto la Turchia perch\u00e9 \u00e8 tra i maggiori produttori mondiali di cotone e soprattutto perch\u00e9 ho avuto la possibilit\u00e0, avendo vissuto in Turchia per qualche anno, di conoscere prodotti e qualit\u00e0 di[&#8230;]<\/p>\n","protected":false},"author":1,"featured_media":0,"parent":0,"menu_order":0,"comment_status":"closed","ping_status":"closed","template":"template-homepage-1.php","meta":{"footnotes":""},"yoast_head":"<!-- This site is optimized with the Yoast SEO plugin v23.5 - https:\/\/yoast.com\/wordpress\/plugins\/seo\/ -->\n<title>T-Shirts Felpe SPA compra nel negozio online Home &amp; Boat italy<\/title>\n<meta name=\"description\" content=\"Home &amp; Boat Italy vi offre t-shirts e felpe, asciugamani e accappatoi disponibili nel suo negozio online in cotone. Compra ora.\" \/>\n<meta name=\"robots\" content=\"index, follow, max-snippet:-1, max-image-preview:large, max-video-preview:-1\" \/>\n<link rel=\"canonical\" href=\"https:\/\/shop.homeandboatitaly.com\/it\/\" \/>\n<meta property=\"og:locale\" content=\"it_IT\" \/>\n<meta property=\"og:type\" content=\"article\" \/>\n<meta property=\"og:title\" content=\"T-Shirts Felpe SPA compra nel negozio online Home &amp; Boat italy\" \/>\n<meta property=\"og:description\" content=\"Home &amp; Boat Italy vi offre t-shirts e felpe, asciugamani e accappatoi disponibili nel suo negozio online in cotone. Compra ora.\" \/>\n<meta property=\"og:url\" content=\"https:\/\/shop.homeandboatitaly.com\/it\/\" \/>\n<meta property=\"og:site_name\" content=\"Home And Boat Italy on-line shop\" \/>\n<meta property=\"article:modified_time\" content=\"2016-04-04T11:57:20+00:00\" \/>\n<meta name=\"twitter:card\" content=\"summary_large_image\" \/>\n<meta name=\"twitter:label1\" content=\"Tempo di lettura stimato\" \/>\n\t<meta name=\"twitter:data1\" content=\"1 minuto\" \/>\n<script type=\"application\/ld+json\" class=\"yoast-schema-graph\">{\"@context\":\"https:\/\/schema.org\",\"@graph\":[{\"@type\":\"WebPage\",\"@id\":\"https:\/\/shop.homeandboatitaly.com\/it\/\",\"url\":\"https:\/\/shop.homeandboatitaly.com\/it\/\",\"name\":\"T-Shirts Felpe SPA compra nel negozio online Home & Boat italy\",\"isPartOf\":{\"@id\":\"https:\/\/shop.homeandboatitaly.com\/it\/#website\"},\"datePublished\":\"2016-03-11T11:44:28+00:00\",\"dateModified\":\"2016-04-04T11:57:20+00:00\",\"description\":\"Home & Boat Italy vi offre t-shirts e felpe, asciugamani e accappatoi disponibili nel suo negozio online in cotone. Compra ora.\",\"breadcrumb\":{\"@id\":\"https:\/\/shop.homeandboatitaly.com\/it\/#breadcrumb\"},\"inLanguage\":\"it-IT\",\"potentialAction\":[{\"@type\":\"ReadAction\",\"target\":[\"https:\/\/shop.homeandboatitaly.com\/it\/\"]}]},{\"@type\":\"BreadcrumbList\",\"@id\":\"https:\/\/shop.homeandboatitaly.com\/it\/#breadcrumb\",\"itemListElement\":[{\"@type\":\"ListItem\",\"position\":1,\"name\":\"Home\",\"item\":\"https:\/\/shop.homeandboatitaly.com\/it\/\"},{\"@type\":\"ListItem\",\"position\":2,\"name\":\"Home\"}]},{\"@type\":\"WebSite\",\"@id\":\"https:\/\/shop.homeandboatitaly.com\/it\/#website\",\"url\":\"https:\/\/shop.homeandboatitaly.com\/it\/\",\"name\":\"Home And Boat Italy on-line shop\",\"description\":\"Un nuovo sito targato WordPress\",\"publisher\":{\"@id\":\"https:\/\/shop.homeandboatitaly.com\/it\/#organization\"},\"potentialAction\":[{\"@type\":\"SearchAction\",\"target\":{\"@type\":\"EntryPoint\",\"urlTemplate\":\"https:\/\/shop.homeandboatitaly.com\/it\/?s={search_term_string}\"},\"query-input\":{\"@type\":\"PropertyValueSpecification\",\"valueRequired\":true,\"valueName\":\"search_term_string\"}}],\"inLanguage\":\"it-IT\"},{\"@type\":\"Organization\",\"@id\":\"https:\/\/shop.homeandboatitaly.com\/it\/#organization\",\"name\":\"Home and Boat Italy\",\"url\":\"https:\/\/shop.homeandboatitaly.com\/it\/\",\"logo\":{\"@type\":\"ImageObject\",\"inLanguage\":\"it-IT\",\"@id\":\"https:\/\/shop.homeandboatitaly.com\/it\/#\/schema\/logo\/image\/\",\"url\":\"https:\/\/shop.homeandboatitaly.com\/wp-content\/uploads\/2016\/03\/logo_web_homeandboat_footer.png\",\"contentUrl\":\"https:\/\/shop.homeandboatitaly.com\/wp-content\/uploads\/2016\/03\/logo_web_homeandboat_footer.png\",\"width\":351,\"height\":225,\"caption\":\"Home and Boat Italy\"},\"image\":{\"@id\":\"https:\/\/shop.homeandboatitaly.com\/it\/#\/schema\/logo\/image\/\"}}]}<\/script>\n<!-- \/ Yoast SEO plugin. -->","yoast_head_json":{"title":"T-Shirts Felpe SPA compra nel negozio online Home & Boat italy","description":"Home & Boat Italy vi offre t-shirts e felpe, asciugamani e accappatoi disponibili nel suo negozio online in cotone. Compra ora.","robots":{"index":"index","follow":"follow","max-snippet":"max-snippet:-1","max-image-preview":"max-image-preview:large","max-video-preview":"max-video-preview:-1"},"canonical":"https:\/\/shop.homeandboatitaly.com\/it\/","og_locale":"it_IT","og_type":"article","og_title":"T-Shirts Felpe SPA compra nel negozio online Home & Boat italy","og_description":"Home & Boat Italy vi offre t-shirts e felpe, asciugamani e accappatoi disponibili nel suo negozio online in cotone. Compra ora.","og_url":"https:\/\/shop.homeandboatitaly.com\/it\/","og_site_name":"Home And Boat Italy on-line shop","article_modified_time":"2016-04-04T11:57:20+00:00","twitter_card":"summary_large_image","twitter_misc":{"Tempo di lettura stimato":"1 minuto"},"schema":{"@context":"https:\/\/schema.org","@graph":[{"@type":"WebPage","@id":"https:\/\/shop.homeandboatitaly.com\/it\/","url":"https:\/\/shop.homeandboatitaly.com\/it\/","name":"T-Shirts Felpe SPA compra nel negozio online Home & Boat italy","isPartOf":{"@id":"https:\/\/shop.homeandboatitaly.com\/it\/#website"},"datePublished":"2016-03-11T11:44:28+00:00","dateModified":"2016-04-04T11:57:20+00:00","description":"Home & Boat Italy vi offre t-shirts e felpe, asciugamani e accappatoi disponibili nel suo negozio online in cotone. Compra ora.","breadcrumb":{"@id":"https:\/\/shop.homeandboatitaly.com\/it\/#breadcrumb"},"inLanguage":"it-IT","potentialAction":[{"@type":"ReadAction","target":["https:\/\/shop.homeandboatitaly.com\/it\/"]}]},{"@type":"BreadcrumbList","@id":"https:\/\/shop.homeandboatitaly.com\/it\/#breadcrumb","itemListElement":[{"@type":"ListItem","position":1,"name":"Home","item":"https:\/\/shop.homeandboatitaly.com\/it\/"},{"@type":"ListItem","position":2,"name":"Home"}]},{"@type":"WebSite","@id":"https:\/\/shop.homeandboatitaly.com\/it\/#website","url":"https:\/\/shop.homeandboatitaly.com\/it\/","name":"Home And Boat Italy on-line shop","description":"Un nuovo sito targato WordPress","publisher":{"@id":"https:\/\/shop.homeandboatitaly.com\/it\/#organization"},"potentialAction":[{"@type":"SearchAction","target":{"@type":"EntryPoint","urlTemplate":"https:\/\/shop.homeandboatitaly.com\/it\/?s={search_term_string}"},"query-input":{"@type":"PropertyValueSpecification","valueRequired":true,"valueName":"search_term_string"}}],"inLanguage":"it-IT"},{"@type":"Organization","@id":"https:\/\/shop.homeandboatitaly.com\/it\/#organization","name":"Home and Boat Italy","url":"https:\/\/shop.homeandboatitaly.com\/it\/","logo":{"@type":"ImageObject","inLanguage":"it-IT","@id":"https:\/\/shop.homeandboatitaly.com\/it\/#\/schema\/logo\/image\/","url":"https:\/\/shop.homeandboatitaly.com\/wp-content\/uploads\/2016\/03\/logo_web_homeandboat_footer.png","contentUrl":"https:\/\/shop.homeandboatitaly.com\/wp-content\/uploads\/2016\/03\/logo_web_homeandboat_footer.png","width":351,"height":225,"caption":"Home and Boat Italy"},"image":{"@id":"https:\/\/shop.homeandboatitaly.com\/it\/#\/schema\/logo\/image\/"}}]}},"_links":{"self":[{"href":"https:\/\/shop.homeandboatitaly.com\/it\/wp-json\/wp\/v2\/pages\/21"}],"collection":[{"href":"https:\/\/shop.homeandboatitaly.com\/it\/wp-json\/wp\/v2\/pages"}],"about":[{"href":"https:\/\/shop.homeandboatitaly.com\/it\/wp-json\/wp\/v2\/types\/page"}],"author":[{"embeddable":true,"href":"https:\/\/shop.homeandboatitaly.com\/it\/wp-json\/wp\/v2\/users\/1"}],"replies":[{"embeddable":true,"href":"https:\/\/shop.homeandboatitaly.com\/it\/wp-json\/wp\/v2\/comments?post=21"}],"version-history":[{"count":5,"href":"https:\/\/shop.homeandboatitaly.com\/it\/wp-json\/wp\/v2\/pages\/21\/revisions"}],"predecessor-version":[{"id":431,"href":"https:\/\/shop.homeandboatitaly.com\/it\/wp-json\/wp\/v2\/pages\/21\/revisions\/431"}],"wp:attachment":[{"href":"https:\/\/shop.homeandboatitaly.com\/it\/wp-json\/wp\/v2\/media?parent=21"}],"curies":[{"name":"wp","href":"https:\/\/api.w.org\/{rel}","templated":true}]}}